{"id":20975,"date":"2025-11-01T14:45:47","date_gmt":"2025-11-01T19:45:47","guid":{"rendered":"https:\/\/elections.montreal.ca\/?page_id=20975"},"modified":"2025-11-01T14:45:48","modified_gmt":"2025-11-01T19:45:48","slug":"compilation-des-resultats","status":"publish","type":"page","link":"https:\/\/elections.montreal.ca\/fr\/compilation-des-resultats\/","title":{"rendered":"Compilation des r\u00e9sultats de l&rsquo;\u00e9lection"},"content":{"rendered":"<section class=\"block list-ordered-text\">\n    <div class=\"container\">\n        <div class=\"row justify-content-center\">\n            <div class=\"col-12\">\n                <div class=\"pn-wysiwyg\">\n\t\t<p>Pour consulter les r&eacute;sultats pr&eacute;liminaires de la compilation des r&eacute;sultats le soir de l&rsquo;<span class=\"glossaryLink\"  aria-describedby=\"tt\"  data-cmtooltip=\"&lt;div class=glossaryItemTitle&gt;&Eacute;lection g&eacute;n&eacute;rale&lt;\/div&gt;&lt;div class=glossaryItemBody&gt;&amp;lt;!-- wp:paragraph --&amp;gt;&Eacute;lection qui se d&eacute;roule tous les quatre ans tenue simultan&eacute;ment dans les 19 arrondissements de la Ville de Montr&eacute;al ainsi que dans l&amp;#039;ensemble des autres municipalit&eacute;s qu&eacute;b&eacute;coises le premier dimanche du mois de novembre. L&amp;#039;&eacute;lection g&eacute;n&eacute;rale vise &agrave; combler les 103 postes &eacute;lectifs que compte la Ville de Montr&eacute;al.&amp;lt;br\/&amp;gt;&amp;lt;!-- \/wp:paragraph --&amp;gt;&lt;\/div&gt;\"  data-gt-translate-attributes='[{\"attribute\":\"data-cmtooltip\", \"format\":\"html\"}]' tabindex='0' role='link'>&eacute;lection g&eacute;n&eacute;rale<\/span>, visitez notre <a href=\"https:\/\/resultats.election-montreal.ca\/\">page de compilation<\/a>.<\/p>\n\n\t<\/div>\n            <\/div>\n        <\/div>\n    <\/div>\n<\/section>\n\n<div class=\"wp-block-image\">\n<figure class=\"aligncenter size-large is-resized\"><img loading=\"lazy\" decoding=\"async\" width=\"891\" height=\"1024\" src=\"https:\/\/elections.montreal.ca\/wp-content\/uploads\/2025\/11\/compilation-elections-1-nov-v2-891x1024.png\" alt=\"\" class=\"wp-image-21017\" style=\"width:1280px;height:auto\" srcset=\"https:\/\/elections.montreal.ca\/wp-content\/uploads\/2025\/11\/compilation-elections-1-nov-v2-891x1024.png 891w, https:\/\/elections.montreal.ca\/wp-content\/uploads\/2025\/11\/compilation-elections-1-nov-v2-261x300.png 261w, https:\/\/elections.montreal.ca\/wp-content\/uploads\/2025\/11\/compilation-elections-1-nov-v2-768x883.png 768w, https:\/\/elections.montreal.ca\/wp-content\/uploads\/2025\/11\/compilation-elections-1-nov-v2-1336x1536.png 1336w, https:\/\/elections.montreal.ca\/wp-content\/uploads\/2025\/11\/compilation-elections-1-nov-v2.png 1366w\" sizes=\"auto, (max-width: 891px) 100vw, 891px\"\/><\/figure>\n<\/div>","protected":false},"excerpt":{"rendered":"","protected":false},"author":25,"featured_media":0,"parent":0,"menu_order":0,"comment_status":"closed","ping_status":"closed","template":"","meta":{"_acf_changed":false,"_relevanssi_hide_post":"","_relevanssi_hide_content":"","_relevanssi_pin_for_all":"","_relevanssi_pin_keywords":"","_relevanssi_unpin_keywords":"","_relevanssi_related_keywords":"","_relevanssi_related_include_ids":"","_relevanssi_related_exclude_ids":"","_relevanssi_related_no_append":"","_relevanssi_related_not_related":"","_relevanssi_related_posts":"8914,12949,12357,9317,12217,12244","_relevanssi_noindex_reason":"","inline_featured_image":false,"footnotes":""},"class_list":["post-20975","page","type-page","status-publish","hentry"],"acf":[],"yoast_head":"<!-- This site is optimized with the Yoast SEO plugin v27.4 - https:\/\/yoast.com\/product\/yoast-seo-wordpress\/ -->\n<title>Compilation des r\u00e9sultats de l&#039;\u00e9lection - \u00c9lections Montr\u00e9al<\/title>\n<meta name=\"robots\" content=\"index, follow, max-snippet:-1, max-image-preview:large, max-video-preview:-1\" \/>\n<link rel=\"canonical\" href=\"https:\/\/elections.montreal.ca\/fr\/compilation-des-resultats\/\" \/>\n<meta property=\"og:locale\" content=\"fr_FR\" \/>\n<meta property=\"og:type\" content=\"article\" \/>\n<meta property=\"og:title\" content=\"Compilation des r\u00e9sultats de l&#039;\u00e9lection - \u00c9lections Montr\u00e9al\" \/>\n<meta property=\"og:url\" content=\"https:\/\/elections.montreal.ca\/fr\/compilation-des-resultats\/\" \/>\n<meta property=\"og:site_name\" content=\"\u00c9lections Montr\u00e9al\" \/>\n<meta property=\"article:publisher\" content=\"https:\/\/www.facebook.com\/electionMTL\" \/>\n<meta property=\"article:modified_time\" content=\"2025-11-01T19:45:48+00:00\" \/>\n<meta property=\"og:image\" content=\"https:\/\/elections.montreal.ca\/wp-content\/uploads\/2025\/11\/compilation-elections-1-nov-v2-891x1024.png\" \/>\n<meta name=\"twitter:card\" content=\"summary_large_image\" \/>\n<meta name=\"twitter:site\" content=\"@election_MTL\" \/>\n<meta name=\"twitter:label1\" content=\"Dur\u00e9e de lecture estim\u00e9e\" \/>\n\t<meta name=\"twitter:data1\" content=\"1 minute\" \/>\n<script type=\"application\/ld+json\" class=\"yoast-schema-graph\">{\"@context\":\"https:\\\/\\\/schema.org\",\"@graph\":[{\"@type\":\"WebPage\",\"@id\":\"https:\\\/\\\/elections.montreal.ca\\\/fr\\\/compilation-des-resultats\\\/\",\"url\":\"https:\\\/\\\/elections.montreal.ca\\\/fr\\\/compilation-des-resultats\\\/\",\"name\":\"Compilation des r\u00e9sultats de l'\u00e9lection - \u00c9lections Montr\u00e9al\",\"isPartOf\":{\"@id\":\"https:\\\/\\\/elections.montreal.ca\\\/fr\\\/#website\"},\"primaryImageOfPage\":{\"@id\":\"https:\\\/\\\/elections.montreal.ca\\\/fr\\\/compilation-des-resultats\\\/#primaryimage\"},\"image\":{\"@id\":\"https:\\\/\\\/elections.montreal.ca\\\/fr\\\/compilation-des-resultats\\\/#primaryimage\"},\"thumbnailUrl\":\"https:\\\/\\\/elections.montreal.ca\\\/wp-content\\\/uploads\\\/2025\\\/11\\\/compilation-elections-1-nov-v2-891x1024.png\",\"datePublished\":\"2025-11-01T19:45:47+00:00\",\"dateModified\":\"2025-11-01T19:45:48+00:00\",\"breadcrumb\":{\"@id\":\"https:\\\/\\\/elections.montreal.ca\\\/fr\\\/compilation-des-resultats\\\/#breadcrumb\"},\"inLanguage\":\"fr-FR\",\"potentialAction\":[{\"@type\":\"ReadAction\",\"target\":[\"https:\\\/\\\/elections.montreal.ca\\\/fr\\\/compilation-des-resultats\\\/\"]}]},{\"@type\":\"ImageObject\",\"inLanguage\":\"fr-FR\",\"@id\":\"https:\\\/\\\/elections.montreal.ca\\\/fr\\\/compilation-des-resultats\\\/#primaryimage\",\"url\":\"https:\\\/\\\/elections.montreal.ca\\\/wp-content\\\/uploads\\\/2025\\\/11\\\/compilation-elections-1-nov-v2-891x1024.png\",\"contentUrl\":\"https:\\\/\\\/elections.montreal.ca\\\/wp-content\\\/uploads\\\/2025\\\/11\\\/compilation-elections-1-nov-v2-891x1024.png\"},{\"@type\":\"BreadcrumbList\",\"@id\":\"https:\\\/\\\/elections.montreal.ca\\\/fr\\\/compilation-des-resultats\\\/#breadcrumb\",\"itemListElement\":[{\"@type\":\"ListItem\",\"position\":1,\"name\":\"Accueil\",\"item\":\"https:\\\/\\\/elections.montreal.ca\\\/fr\\\/\"},{\"@type\":\"ListItem\",\"position\":2,\"name\":\"Compilation des r\u00e9sultats de l&rsquo;\u00e9lection\"}]},{\"@type\":\"WebSite\",\"@id\":\"https:\\\/\\\/elections.montreal.ca\\\/fr\\\/#website\",\"url\":\"https:\\\/\\\/elections.montreal.ca\\\/fr\\\/\",\"name\":\"\u00c9lections Montr\u00e9al\",\"description\":\"Un site utilisant WordPress\",\"potentialAction\":[{\"@type\":\"SearchAction\",\"target\":{\"@type\":\"EntryPoint\",\"urlTemplate\":\"https:\\\/\\\/elections.montreal.ca\\\/fr\\\/?s={search_term_string}\"},\"query-input\":{\"@type\":\"PropertyValueSpecification\",\"valueRequired\":true,\"valueName\":\"search_term_string\"}}],\"inLanguage\":\"fr-FR\"}]}<\/script>\n<!-- \/ Yoast SEO plugin. -->","yoast_head_json":{"title":"Compilation des r\u00e9sultats de l'\u00e9lection - \u00c9lections Montr\u00e9al","robots":{"index":"index","follow":"follow","max-snippet":"max-snippet:-1","max-image-preview":"max-image-preview:large","max-video-preview":"max-video-preview:-1"},"canonical":"https:\/\/elections.montreal.ca\/fr\/compilation-des-resultats\/","og_locale":"fr_FR","og_type":"article","og_title":"Compilation des r\u00e9sultats de l'\u00e9lection - \u00c9lections Montr\u00e9al","og_url":"https:\/\/elections.montreal.ca\/fr\/compilation-des-resultats\/","og_site_name":"\u00c9lections Montr\u00e9al","article_publisher":"https:\/\/www.facebook.com\/electionMTL","article_modified_time":"2025-11-01T19:45:48+00:00","og_image":[{"url":"https:\/\/elections.montreal.ca\/wp-content\/uploads\/2025\/11\/compilation-elections-1-nov-v2-891x1024.png","type":"","width":"","height":""}],"twitter_card":"summary_large_image","twitter_site":"@election_MTL","twitter_misc":{"Dur\u00e9e de lecture estim\u00e9e":"1 minute"},"schema":{"@context":"https:\/\/schema.org","@graph":[{"@type":"WebPage","@id":"https:\/\/elections.montreal.ca\/fr\/compilation-des-resultats\/","url":"https:\/\/elections.montreal.ca\/fr\/compilation-des-resultats\/","name":"Compilation des r\u00e9sultats de l'\u00e9lection - \u00c9lections Montr\u00e9al","isPartOf":{"@id":"https:\/\/elections.montreal.ca\/fr\/#website"},"primaryImageOfPage":{"@id":"https:\/\/elections.montreal.ca\/fr\/compilation-des-resultats\/#primaryimage"},"image":{"@id":"https:\/\/elections.montreal.ca\/fr\/compilation-des-resultats\/#primaryimage"},"thumbnailUrl":"https:\/\/elections.montreal.ca\/wp-content\/uploads\/2025\/11\/compilation-elections-1-nov-v2-891x1024.png","datePublished":"2025-11-01T19:45:47+00:00","dateModified":"2025-11-01T19:45:48+00:00","breadcrumb":{"@id":"https:\/\/elections.montreal.ca\/fr\/compilation-des-resultats\/#breadcrumb"},"inLanguage":"fr-FR","potentialAction":[{"@type":"ReadAction","target":["https:\/\/elections.montreal.ca\/fr\/compilation-des-resultats\/"]}]},{"@type":"ImageObject","inLanguage":"fr-FR","@id":"https:\/\/elections.montreal.ca\/fr\/compilation-des-resultats\/#primaryimage","url":"https:\/\/elections.montreal.ca\/wp-content\/uploads\/2025\/11\/compilation-elections-1-nov-v2-891x1024.png","contentUrl":"https:\/\/elections.montreal.ca\/wp-content\/uploads\/2025\/11\/compilation-elections-1-nov-v2-891x1024.png"},{"@type":"BreadcrumbList","@id":"https:\/\/elections.montreal.ca\/fr\/compilation-des-resultats\/#breadcrumb","itemListElement":[{"@type":"ListItem","position":1,"name":"Accueil","item":"https:\/\/elections.montreal.ca\/fr\/"},{"@type":"ListItem","position":2,"name":"Compilation des r\u00e9sultats de l&rsquo;\u00e9lection"}]},{"@type":"WebSite","@id":"https:\/\/elections.montreal.ca\/fr\/#website","url":"https:\/\/elections.montreal.ca\/fr\/","name":"\u00c9lections Montr\u00e9al","description":"Un site utilisant WordPress","potentialAction":[{"@type":"SearchAction","target":{"@type":"EntryPoint","urlTemplate":"https:\/\/elections.montreal.ca\/fr\/?s={search_term_string}"},"query-input":{"@type":"PropertyValueSpecification","valueRequired":true,"valueName":"search_term_string"}}],"inLanguage":"fr-FR"}]}},"_links":{"self":[{"href":"https:\/\/elections.montreal.ca\/fr\/wp-json\/wp\/v2\/pages\/20975","targetHints":{"allow":["GET"]}}],"collection":[{"href":"https:\/\/elections.montreal.ca\/fr\/wp-json\/wp\/v2\/pages"}],"about":[{"href":"https:\/\/elections.montreal.ca\/fr\/wp-json\/wp\/v2\/types\/page"}],"author":[{"embeddable":true,"href":"https:\/\/elections.montreal.ca\/fr\/wp-json\/wp\/v2\/users\/25"}],"replies":[{"embeddable":true,"href":"https:\/\/elections.montreal.ca\/fr\/wp-json\/wp\/v2\/comments?post=20975"}],"version-history":[{"count":9,"href":"https:\/\/elections.montreal.ca\/fr\/wp-json\/wp\/v2\/pages\/20975\/revisions"}],"predecessor-version":[{"id":21155,"href":"https:\/\/elections.montreal.ca\/fr\/wp-json\/wp\/v2\/pages\/20975\/revisions\/21155"}],"wp:attachment":[{"href":"https:\/\/elections.montreal.ca\/fr\/wp-json\/wp\/v2\/media?parent=20975"}],"curies":[{"name":"wp","href":"https:\/\/api.w.org\/{rel}","templated":true}]}}