{"id":20561,"date":"2025-10-26T15:39:42","date_gmt":"2025-10-26T20:39:42","guid":{"rendered":"https:\/\/elections.montreal.ca\/?page_id=20561"},"modified":"2025-11-02T16:31:17","modified_gmt":"2025-11-02T21:31:17","slug":"estimation-de-la-participation-electorale-a-ce-jour","status":"publish","type":"page","link":"https:\/\/elections.montreal.ca\/fr\/estimation-de-la-participation-electorale-a-ce-jour\/","title":{"rendered":"Estimation de la participation \u00e9lectorale \u00e0 ce jour"},"content":{"rendered":"<div class=\"wp-block-image\">\n<figure class=\"aligncenter size-large\"><img loading=\"lazy\" decoding=\"async\" width=\"1024\" height=\"460\" src=\"https:\/\/elections.montreal.ca\/wp-content\/uploads\/2025\/11\/image-5-1024x460.png\" alt=\"\" class=\"wp-image-21138\" srcset=\"https:\/\/elections.montreal.ca\/wp-content\/uploads\/2025\/11\/image-5-1024x460.png 1024w, https:\/\/elections.montreal.ca\/wp-content\/uploads\/2025\/11\/image-5-300x135.png 300w, https:\/\/elections.montreal.ca\/wp-content\/uploads\/2025\/11\/image-5-768x345.png 768w, https:\/\/elections.montreal.ca\/wp-content\/uploads\/2025\/11\/image-5.png 1178w\" sizes=\"auto, (max-width: 1024px) 100vw, 1024px\"\/><\/figure>\n<\/div>\n\n\n<p><\/p>\n","protected":false},"excerpt":{"rendered":"","protected":false},"author":16,"featured_media":0,"parent":0,"menu_order":0,"comment_status":"closed","ping_status":"closed","template":"","meta":{"_acf_changed":false,"_relevanssi_hide_post":"","_relevanssi_hide_content":"","_relevanssi_pin_for_all":"","_relevanssi_pin_keywords":"","_relevanssi_unpin_keywords":"","_relevanssi_related_keywords":"","_relevanssi_related_include_ids":"","_relevanssi_related_exclude_ids":"","_relevanssi_related_no_append":"","_relevanssi_related_not_related":"","_relevanssi_related_posts":"12217,17929,12215,16161,7641,8593","_relevanssi_noindex_reason":"","inline_featured_image":false,"footnotes":""},"class_list":["post-20561","page","type-page","status-publish","hentry"],"acf":[],"yoast_head":"<!-- This site is optimized with the Yoast SEO plugin v27.4 - https:\/\/yoast.com\/product\/yoast-seo-wordpress\/ -->\n<title>Estimation de la participation \u00e9lectorale \u00e0 ce jour - \u00c9lections Montr\u00e9al<\/title>\n<meta name=\"robots\" content=\"index, follow, max-snippet:-1, max-image-preview:large, max-video-preview:-1\" \/>\n<link rel=\"canonical\" href=\"https:\/\/elections.montreal.ca\/fr\/estimation-de-la-participation-electorale-a-ce-jour\/\" \/>\n<meta property=\"og:locale\" content=\"fr_FR\" \/>\n<meta property=\"og:type\" content=\"article\" \/>\n<meta property=\"og:title\" content=\"Estimation de la participation \u00e9lectorale \u00e0 ce jour - \u00c9lections Montr\u00e9al\" \/>\n<meta property=\"og:url\" content=\"https:\/\/elections.montreal.ca\/fr\/estimation-de-la-participation-electorale-a-ce-jour\/\" \/>\n<meta property=\"og:site_name\" content=\"\u00c9lections Montr\u00e9al\" \/>\n<meta property=\"article:publisher\" content=\"https:\/\/www.facebook.com\/electionMTL\" \/>\n<meta property=\"article:modified_time\" content=\"2025-11-02T21:31:17+00:00\" \/>\n<meta property=\"og:image\" content=\"https:\/\/elections.montreal.ca\/wp-content\/uploads\/2025\/11\/image-5-1024x460.png\" \/>\n<meta name=\"twitter:card\" content=\"summary_large_image\" \/>\n<meta name=\"twitter:site\" content=\"@election_MTL\" \/>\n<meta name=\"twitter:label1\" content=\"Dur\u00e9e de lecture estim\u00e9e\" \/>\n\t<meta name=\"twitter:data1\" content=\"1 minute\" \/>\n<script type=\"application\/ld+json\" class=\"yoast-schema-graph\">{\"@context\":\"https:\\\/\\\/schema.org\",\"@graph\":[{\"@type\":\"WebPage\",\"@id\":\"https:\\\/\\\/elections.montreal.ca\\\/fr\\\/estimation-de-la-participation-electorale-a-ce-jour\\\/\",\"url\":\"https:\\\/\\\/elections.montreal.ca\\\/fr\\\/estimation-de-la-participation-electorale-a-ce-jour\\\/\",\"name\":\"Estimation de la participation \u00e9lectorale \u00e0 ce jour - \u00c9lections Montr\u00e9al\",\"isPartOf\":{\"@id\":\"https:\\\/\\\/elections.montreal.ca\\\/fr\\\/#website\"},\"primaryImageOfPage\":{\"@id\":\"https:\\\/\\\/elections.montreal.ca\\\/fr\\\/estimation-de-la-participation-electorale-a-ce-jour\\\/#primaryimage\"},\"image\":{\"@id\":\"https:\\\/\\\/elections.montreal.ca\\\/fr\\\/estimation-de-la-participation-electorale-a-ce-jour\\\/#primaryimage\"},\"thumbnailUrl\":\"https:\\\/\\\/elections.montreal.ca\\\/wp-content\\\/uploads\\\/2025\\\/11\\\/image-5-1024x460.png\",\"datePublished\":\"2025-10-26T20:39:42+00:00\",\"dateModified\":\"2025-11-02T21:31:17+00:00\",\"breadcrumb\":{\"@id\":\"https:\\\/\\\/elections.montreal.ca\\\/fr\\\/estimation-de-la-participation-electorale-a-ce-jour\\\/#breadcrumb\"},\"inLanguage\":\"fr-FR\",\"potentialAction\":[{\"@type\":\"ReadAction\",\"target\":[\"https:\\\/\\\/elections.montreal.ca\\\/fr\\\/estimation-de-la-participation-electorale-a-ce-jour\\\/\"]}]},{\"@type\":\"ImageObject\",\"inLanguage\":\"fr-FR\",\"@id\":\"https:\\\/\\\/elections.montreal.ca\\\/fr\\\/estimation-de-la-participation-electorale-a-ce-jour\\\/#primaryimage\",\"url\":\"https:\\\/\\\/elections.montreal.ca\\\/wp-content\\\/uploads\\\/2025\\\/11\\\/image-5-1024x460.png\",\"contentUrl\":\"https:\\\/\\\/elections.montreal.ca\\\/wp-content\\\/uploads\\\/2025\\\/11\\\/image-5-1024x460.png\"},{\"@type\":\"BreadcrumbList\",\"@id\":\"https:\\\/\\\/elections.montreal.ca\\\/fr\\\/estimation-de-la-participation-electorale-a-ce-jour\\\/#breadcrumb\",\"itemListElement\":[{\"@type\":\"ListItem\",\"position\":1,\"name\":\"Accueil\",\"item\":\"https:\\\/\\\/elections.montreal.ca\\\/fr\\\/\"},{\"@type\":\"ListItem\",\"position\":2,\"name\":\"Estimation de la participation \u00e9lectorale \u00e0 ce jour\"}]},{\"@type\":\"WebSite\",\"@id\":\"https:\\\/\\\/elections.montreal.ca\\\/fr\\\/#website\",\"url\":\"https:\\\/\\\/elections.montreal.ca\\\/fr\\\/\",\"name\":\"\u00c9lections Montr\u00e9al\",\"description\":\"Un site utilisant WordPress\",\"potentialAction\":[{\"@type\":\"SearchAction\",\"target\":{\"@type\":\"EntryPoint\",\"urlTemplate\":\"https:\\\/\\\/elections.montreal.ca\\\/fr\\\/?s={search_term_string}\"},\"query-input\":{\"@type\":\"PropertyValueSpecification\",\"valueRequired\":true,\"valueName\":\"search_term_string\"}}],\"inLanguage\":\"fr-FR\"}]}<\/script>\n<!-- \/ Yoast SEO plugin. -->","yoast_head_json":{"title":"Estimation de la participation \u00e9lectorale \u00e0 ce jour - \u00c9lections Montr\u00e9al","robots":{"index":"index","follow":"follow","max-snippet":"max-snippet:-1","max-image-preview":"max-image-preview:large","max-video-preview":"max-video-preview:-1"},"canonical":"https:\/\/elections.montreal.ca\/fr\/estimation-de-la-participation-electorale-a-ce-jour\/","og_locale":"fr_FR","og_type":"article","og_title":"Estimation de la participation \u00e9lectorale \u00e0 ce jour - \u00c9lections Montr\u00e9al","og_url":"https:\/\/elections.montreal.ca\/fr\/estimation-de-la-participation-electorale-a-ce-jour\/","og_site_name":"\u00c9lections Montr\u00e9al","article_publisher":"https:\/\/www.facebook.com\/electionMTL","article_modified_time":"2025-11-02T21:31:17+00:00","og_image":[{"url":"https:\/\/elections.montreal.ca\/wp-content\/uploads\/2025\/11\/image-5-1024x460.png","type":"","width":"","height":""}],"twitter_card":"summary_large_image","twitter_site":"@election_MTL","twitter_misc":{"Dur\u00e9e de lecture estim\u00e9e":"1 minute"},"schema":{"@context":"https:\/\/schema.org","@graph":[{"@type":"WebPage","@id":"https:\/\/elections.montreal.ca\/fr\/estimation-de-la-participation-electorale-a-ce-jour\/","url":"https:\/\/elections.montreal.ca\/fr\/estimation-de-la-participation-electorale-a-ce-jour\/","name":"Estimation de la participation \u00e9lectorale \u00e0 ce jour - \u00c9lections Montr\u00e9al","isPartOf":{"@id":"https:\/\/elections.montreal.ca\/fr\/#website"},"primaryImageOfPage":{"@id":"https:\/\/elections.montreal.ca\/fr\/estimation-de-la-participation-electorale-a-ce-jour\/#primaryimage"},"image":{"@id":"https:\/\/elections.montreal.ca\/fr\/estimation-de-la-participation-electorale-a-ce-jour\/#primaryimage"},"thumbnailUrl":"https:\/\/elections.montreal.ca\/wp-content\/uploads\/2025\/11\/image-5-1024x460.png","datePublished":"2025-10-26T20:39:42+00:00","dateModified":"2025-11-02T21:31:17+00:00","breadcrumb":{"@id":"https:\/\/elections.montreal.ca\/fr\/estimation-de-la-participation-electorale-a-ce-jour\/#breadcrumb"},"inLanguage":"fr-FR","potentialAction":[{"@type":"ReadAction","target":["https:\/\/elections.montreal.ca\/fr\/estimation-de-la-participation-electorale-a-ce-jour\/"]}]},{"@type":"ImageObject","inLanguage":"fr-FR","@id":"https:\/\/elections.montreal.ca\/fr\/estimation-de-la-participation-electorale-a-ce-jour\/#primaryimage","url":"https:\/\/elections.montreal.ca\/wp-content\/uploads\/2025\/11\/image-5-1024x460.png","contentUrl":"https:\/\/elections.montreal.ca\/wp-content\/uploads\/2025\/11\/image-5-1024x460.png"},{"@type":"BreadcrumbList","@id":"https:\/\/elections.montreal.ca\/fr\/estimation-de-la-participation-electorale-a-ce-jour\/#breadcrumb","itemListElement":[{"@type":"ListItem","position":1,"name":"Accueil","item":"https:\/\/elections.montreal.ca\/fr\/"},{"@type":"ListItem","position":2,"name":"Estimation de la participation \u00e9lectorale \u00e0 ce jour"}]},{"@type":"WebSite","@id":"https:\/\/elections.montreal.ca\/fr\/#website","url":"https:\/\/elections.montreal.ca\/fr\/","name":"\u00c9lections Montr\u00e9al","description":"Un site utilisant WordPress","potentialAction":[{"@type":"SearchAction","target":{"@type":"EntryPoint","urlTemplate":"https:\/\/elections.montreal.ca\/fr\/?s={search_term_string}"},"query-input":{"@type":"PropertyValueSpecification","valueRequired":true,"valueName":"search_term_string"}}],"inLanguage":"fr-FR"}]}},"_links":{"self":[{"href":"https:\/\/elections.montreal.ca\/fr\/wp-json\/wp\/v2\/pages\/20561","targetHints":{"allow":["GET"]}}],"collection":[{"href":"https:\/\/elections.montreal.ca\/fr\/wp-json\/wp\/v2\/pages"}],"about":[{"href":"https:\/\/elections.montreal.ca\/fr\/wp-json\/wp\/v2\/types\/page"}],"author":[{"embeddable":true,"href":"https:\/\/elections.montreal.ca\/fr\/wp-json\/wp\/v2\/users\/16"}],"replies":[{"embeddable":true,"href":"https:\/\/elections.montreal.ca\/fr\/wp-json\/wp\/v2\/comments?post=20561"}],"version-history":[{"count":8,"href":"https:\/\/elections.montreal.ca\/fr\/wp-json\/wp\/v2\/pages\/20561\/revisions"}],"predecessor-version":[{"id":21141,"href":"https:\/\/elections.montreal.ca\/fr\/wp-json\/wp\/v2\/pages\/20561\/revisions\/21141"}],"wp:attachment":[{"href":"https:\/\/elections.montreal.ca\/fr\/wp-json\/wp\/v2\/media?parent=20561"}],"curies":[{"name":"wp","href":"https:\/\/api.w.org\/{rel}","templated":true}]}}