{"id":15634,"date":"2025-09-15T04:54:33","date_gmt":"2025-09-15T09:54:33","guid":{"rendered":"https:\/\/elections.montreal.ca\/?page_id=15634"},"modified":"2025-09-15T04:54:34","modified_gmt":"2025-09-15T09:54:34","slug":"les-jeunes-et-la-ville-4-videos","status":"publish","type":"page","link":"https:\/\/elections.montreal.ca\/fr\/les-jeunes-et-la-ville-4-videos\/","title":{"rendered":"Les jeunes et la ville : 4 vid\u00e9os"},"content":{"rendered":"<section class=\"block list-ordered-text\">\n    <div class=\"container\">\n        <div class=\"row justify-content-center\">\n            <div class=\"col-12\">\n                <div class=\"pn-wysiwyg\">\n\t\t<p><span data-olk-copy-source=\"MessageBody\">&Eacute;lections Montr&eacute;al pr&eacute;sente quatre vid&eacute;os pour les jeunes et moins jeunes ! Comment le vote contribue-t-il &agrave; alimenter la d&eacute;mocratie ? Pourquoi la Ville et les arrondissements sont importants ? Comment est-il possible de s&rsquo;impliquer ?<\/span><\/p>\n\n\t<\/div>\n            <\/div>\n        <\/div>\n    <\/div>\n<\/section>\n\n<div class=\"col-text-lr block\">\n    \n        <div class=\"col-content-inner container\">\n            <div class=\"row align-items-center is-reverse\">\n                <div class=\"col-md-6\">\n                    <div class=\"col-blue\">\n                                                    <h3>Les actions de la Ville et des arrondissements au coeur de ton quotidien !<\/h3>\n                                                <div class=\"pn-wysiwyg\">\n\t\t<div style=\"width: 1920px;\" class=\"wp-video\"><video class=\"wp-video-shortcode\" id=\"video-15634-1\" width=\"1920\" height=\"1080\" preload=\"metadata\" controls=\"controls\"><source type=\"video\/mp4\" src=\"https:\/\/elections.montreal.ca\/wp-content\/uploads\/2025\/09\/1075_elections_mtl_c2.mp4?_=1\"><\/source><a href=\"https:\/\/elections.montreal.ca\/wp-content\/uploads\/2025\/09\/1075_elections_mtl_c2.mp4\">https:\/\/elections.montreal.ca\/wp-content\/uploads\/2025\/09\/1075_elections_mtl_c2.mp4<\/a><\/video><\/div>\n\n\t<\/div>\n\n                    <\/div>\n                <\/div> \n                <div class=\"col-md-6\">\n                    <div class=\"col-infos\">\n                                                    <h3>Pourquoi voter aux &eacute;lections municipales de Montr&eacute;al ?<\/h3>\n                                                <div class=\"pn-wysiwyg\">\n\t\t<div style=\"width: 1920px;\" class=\"wp-video\"><video class=\"wp-video-shortcode\" id=\"video-15634-2\" width=\"1920\" height=\"1080\" preload=\"metadata\" controls=\"controls\"><source type=\"video\/mp4\" src=\"https:\/\/elections.montreal.ca\/wp-content\/uploads\/2025\/09\/1075_elections_mtl_c1.mp4?_=2\"><\/source><a href=\"https:\/\/elections.montreal.ca\/wp-content\/uploads\/2025\/09\/1075_elections_mtl_c1.mp4\">https:\/\/elections.montreal.ca\/wp-content\/uploads\/2025\/09\/1075_elections_mtl_c1.mp4<\/a><\/video><\/div>\n\n\t<\/div>\n                    <\/div>\n                <\/div>\n            <\/div>\n        <\/div>\n    \n<\/div>\n\n<div class=\"col-text-lr block\">\n    \n        <div class=\"col-content-inner container\">\n            <div class=\"row align-items-center \">\n                <div class=\"col-md-6\">\n                    <div class=\"col-blue\">\n                                                    <h3>Pour qui vote-t-on aux &eacute;lections municipales de Montr&eacute;al ?<\/h3>\n                                                <div class=\"pn-wysiwyg\">\n\t\t<div style=\"width: 1920px;\" class=\"wp-video\"><video class=\"wp-video-shortcode\" id=\"video-15634-3\" width=\"1920\" height=\"1080\" preload=\"metadata\" controls=\"controls\"><source type=\"video\/mp4\" src=\"https:\/\/elections.montreal.ca\/wp-content\/uploads\/2025\/09\/1075_elections_mtl_c3.mp4?_=3\"><\/source><a href=\"https:\/\/elections.montreal.ca\/wp-content\/uploads\/2025\/09\/1075_elections_mtl_c3.mp4\">https:\/\/elections.montreal.ca\/wp-content\/uploads\/2025\/09\/1075_elections_mtl_c3.mp4<\/a><\/video><\/div>\n\n\t<\/div>\n\n                    <\/div>\n                <\/div> \n                <div class=\"col-md-6\">\n                    <div class=\"col-infos\">\n                                                    <h3>Ton vote, ta voix qui r&eacute;sonne !<\/h3>\n                                                <div class=\"pn-wysiwyg\">\n\t\t<div style=\"width: 1920px;\" class=\"wp-video\"><video class=\"wp-video-shortcode\" id=\"video-15634-4\" width=\"1920\" height=\"1080\" preload=\"metadata\" controls=\"controls\"><source type=\"video\/mp4\" src=\"https:\/\/elections.montreal.ca\/wp-content\/uploads\/2025\/09\/1075_elections_mtl_c4.mp4?_=4\"><\/source><a href=\"https:\/\/elections.montreal.ca\/wp-content\/uploads\/2025\/09\/1075_elections_mtl_c4.mp4\">https:\/\/elections.montreal.ca\/wp-content\/uploads\/2025\/09\/1075_elections_mtl_c4.mp4<\/a><\/video><\/div>\n\n\t<\/div>\n                    <\/div>\n                <\/div>\n            <\/div>\n        <\/div>\n    \n<\/div>","protected":false},"excerpt":{"rendered":"","protected":false},"author":25,"featured_media":0,"parent":0,"menu_order":0,"comment_status":"closed","ping_status":"closed","template":"","meta":{"_acf_changed":false,"_relevanssi_hide_post":"","_relevanssi_hide_content":"","_relevanssi_pin_for_all":"","_relevanssi_pin_keywords":"","_relevanssi_unpin_keywords":"","_relevanssi_related_keywords":"","_relevanssi_related_include_ids":"","_relevanssi_related_exclude_ids":"","_relevanssi_related_no_append":"","_relevanssi_related_not_related":"","_relevanssi_related_posts":"9317,12949,12242,12215,12062,12119","_relevanssi_noindex_reason":"","inline_featured_image":false,"footnotes":""},"class_list":["post-15634","page","type-page","status-publish","hentry"],"acf":[],"yoast_head":"<!-- This site is optimized with the Yoast SEO plugin v27.3 - https:\/\/yoast.com\/product\/yoast-seo-wordpress\/ -->\n<title>Les jeunes et la ville : 4 vid\u00e9os - \u00c9lections Montr\u00e9al<\/title>\n<meta name=\"robots\" content=\"index, follow, max-snippet:-1, max-image-preview:large, max-video-preview:-1\" \/>\n<link rel=\"canonical\" href=\"https:\/\/elections.montreal.ca\/fr\/les-jeunes-et-la-ville-4-videos\/\" \/>\n<meta property=\"og:locale\" content=\"fr_FR\" \/>\n<meta property=\"og:type\" content=\"article\" \/>\n<meta property=\"og:title\" content=\"Les jeunes et la ville : 4 vid\u00e9os - \u00c9lections Montr\u00e9al\" \/>\n<meta property=\"og:url\" content=\"https:\/\/elections.montreal.ca\/fr\/les-jeunes-et-la-ville-4-videos\/\" \/>\n<meta property=\"og:site_name\" content=\"\u00c9lections Montr\u00e9al\" \/>\n<meta property=\"article:publisher\" content=\"https:\/\/www.facebook.com\/electionMTL\" \/>\n<meta property=\"article:modified_time\" content=\"2025-09-15T09:54:34+00:00\" \/>\n<meta name=\"twitter:card\" content=\"summary_large_image\" \/>\n<meta name=\"twitter:site\" content=\"@election_MTL\" \/>\n<script type=\"application\/ld+json\" class=\"yoast-schema-graph\">{\"@context\":\"https:\\\/\\\/schema.org\",\"@graph\":[{\"@type\":\"WebPage\",\"@id\":\"https:\\\/\\\/elections.montreal.ca\\\/fr\\\/les-jeunes-et-la-ville-4-videos\\\/\",\"url\":\"https:\\\/\\\/elections.montreal.ca\\\/fr\\\/les-jeunes-et-la-ville-4-videos\\\/\",\"name\":\"Les jeunes et la ville : 4 vid\u00e9os - \u00c9lections Montr\u00e9al\",\"isPartOf\":{\"@id\":\"https:\\\/\\\/elections.montreal.ca\\\/fr\\\/#website\"},\"datePublished\":\"2025-09-15T09:54:33+00:00\",\"dateModified\":\"2025-09-15T09:54:34+00:00\",\"breadcrumb\":{\"@id\":\"https:\\\/\\\/elections.montreal.ca\\\/fr\\\/les-jeunes-et-la-ville-4-videos\\\/#breadcrumb\"},\"inLanguage\":\"fr-FR\",\"potentialAction\":[{\"@type\":\"ReadAction\",\"target\":[\"https:\\\/\\\/elections.montreal.ca\\\/fr\\\/les-jeunes-et-la-ville-4-videos\\\/\"]}]},{\"@type\":\"BreadcrumbList\",\"@id\":\"https:\\\/\\\/elections.montreal.ca\\\/fr\\\/les-jeunes-et-la-ville-4-videos\\\/#breadcrumb\",\"itemListElement\":[{\"@type\":\"ListItem\",\"position\":1,\"name\":\"Accueil\",\"item\":\"https:\\\/\\\/elections.montreal.ca\\\/fr\\\/\"},{\"@type\":\"ListItem\",\"position\":2,\"name\":\"Les jeunes et la ville : 4 vid\u00e9os\"}]},{\"@type\":\"WebSite\",\"@id\":\"https:\\\/\\\/elections.montreal.ca\\\/fr\\\/#website\",\"url\":\"https:\\\/\\\/elections.montreal.ca\\\/fr\\\/\",\"name\":\"\u00c9lections Montr\u00e9al\",\"description\":\"Un site utilisant WordPress\",\"potentialAction\":[{\"@type\":\"SearchAction\",\"target\":{\"@type\":\"EntryPoint\",\"urlTemplate\":\"https:\\\/\\\/elections.montreal.ca\\\/fr\\\/?s={search_term_string}\"},\"query-input\":{\"@type\":\"PropertyValueSpecification\",\"valueRequired\":true,\"valueName\":\"search_term_string\"}}],\"inLanguage\":\"fr-FR\"}]}<\/script>\n<!-- \/ Yoast SEO plugin. -->","yoast_head_json":{"title":"Les jeunes et la ville : 4 vid\u00e9os - \u00c9lections Montr\u00e9al","robots":{"index":"index","follow":"follow","max-snippet":"max-snippet:-1","max-image-preview":"max-image-preview:large","max-video-preview":"max-video-preview:-1"},"canonical":"https:\/\/elections.montreal.ca\/fr\/les-jeunes-et-la-ville-4-videos\/","og_locale":"fr_FR","og_type":"article","og_title":"Les jeunes et la ville : 4 vid\u00e9os - \u00c9lections Montr\u00e9al","og_url":"https:\/\/elections.montreal.ca\/fr\/les-jeunes-et-la-ville-4-videos\/","og_site_name":"\u00c9lections Montr\u00e9al","article_publisher":"https:\/\/www.facebook.com\/electionMTL","article_modified_time":"2025-09-15T09:54:34+00:00","twitter_card":"summary_large_image","twitter_site":"@election_MTL","schema":{"@context":"https:\/\/schema.org","@graph":[{"@type":"WebPage","@id":"https:\/\/elections.montreal.ca\/fr\/les-jeunes-et-la-ville-4-videos\/","url":"https:\/\/elections.montreal.ca\/fr\/les-jeunes-et-la-ville-4-videos\/","name":"Les jeunes et la ville : 4 vid\u00e9os - \u00c9lections Montr\u00e9al","isPartOf":{"@id":"https:\/\/elections.montreal.ca\/fr\/#website"},"datePublished":"2025-09-15T09:54:33+00:00","dateModified":"2025-09-15T09:54:34+00:00","breadcrumb":{"@id":"https:\/\/elections.montreal.ca\/fr\/les-jeunes-et-la-ville-4-videos\/#breadcrumb"},"inLanguage":"fr-FR","potentialAction":[{"@type":"ReadAction","target":["https:\/\/elections.montreal.ca\/fr\/les-jeunes-et-la-ville-4-videos\/"]}]},{"@type":"BreadcrumbList","@id":"https:\/\/elections.montreal.ca\/fr\/les-jeunes-et-la-ville-4-videos\/#breadcrumb","itemListElement":[{"@type":"ListItem","position":1,"name":"Accueil","item":"https:\/\/elections.montreal.ca\/fr\/"},{"@type":"ListItem","position":2,"name":"Les jeunes et la ville : 4 vid\u00e9os"}]},{"@type":"WebSite","@id":"https:\/\/elections.montreal.ca\/fr\/#website","url":"https:\/\/elections.montreal.ca\/fr\/","name":"\u00c9lections Montr\u00e9al","description":"Un site utilisant WordPress","potentialAction":[{"@type":"SearchAction","target":{"@type":"EntryPoint","urlTemplate":"https:\/\/elections.montreal.ca\/fr\/?s={search_term_string}"},"query-input":{"@type":"PropertyValueSpecification","valueRequired":true,"valueName":"search_term_string"}}],"inLanguage":"fr-FR"}]}},"_links":{"self":[{"href":"https:\/\/elections.montreal.ca\/fr\/wp-json\/wp\/v2\/pages\/15634","targetHints":{"allow":["GET"]}}],"collection":[{"href":"https:\/\/elections.montreal.ca\/fr\/wp-json\/wp\/v2\/pages"}],"about":[{"href":"https:\/\/elections.montreal.ca\/fr\/wp-json\/wp\/v2\/types\/page"}],"author":[{"embeddable":true,"href":"https:\/\/elections.montreal.ca\/fr\/wp-json\/wp\/v2\/users\/25"}],"replies":[{"embeddable":true,"href":"https:\/\/elections.montreal.ca\/fr\/wp-json\/wp\/v2\/comments?post=15634"}],"version-history":[{"count":8,"href":"https:\/\/elections.montreal.ca\/fr\/wp-json\/wp\/v2\/pages\/15634\/revisions"}],"predecessor-version":[{"id":15677,"href":"https:\/\/elections.montreal.ca\/fr\/wp-json\/wp\/v2\/pages\/15634\/revisions\/15677"}],"wp:attachment":[{"href":"https:\/\/elections.montreal.ca\/fr\/wp-json\/wp\/v2\/media?parent=15634"}],"curies":[{"name":"wp","href":"https:\/\/api.w.org\/{rel}","templated":true}]}}