{"id":1350,"date":"2021-03-16T13:10:33","date_gmt":"2021-03-16T13:10:33","guid":{"rendered":"https:\/\/elections.montreal.ca\/?page_id=1350"},"modified":"2024-01-30T12:56:10","modified_gmt":"2024-01-30T17:56:10","slug":"politique-de-confidentialite","status":"publish","type":"page","link":"https:\/\/elections.montreal.ca\/fr\/politique-de-confidentialite\/","title":{"rendered":"Politique de confidentialit\u00e9"},"content":{"rendered":"<div class=\"wp-block-group alignfull\"><div class=\"wp-block-group__inner-container is-layout-flow wp-block-group-is-layout-flow\"><section class=\"block list-ordered-text\">\n    <div class=\"container\">\n        <div class=\"row justify-content-center\">\n            <div class=\"col-12\">\n                <div class=\"pn-wysiwyg\">\n\t\t<h2>Renseignements personnels<\/h2>\n<p>&Eacute;lections Montr&eacute;al ne recueillent aucun renseignement personnel suite &agrave; la consultation de son site internet.<\/p>\n<h2>Fichiers t&eacute;moins (cookies)<\/h2>\n<p>Des fichiers t&eacute;moins (couramment appel&eacute;s cookies) sont utilis&eacute;s pour faciliter et optimiser votre navigation sur les plateformes. Les t&eacute;moins sont de petits fichiers textes qui sont t&eacute;l&eacute;charg&eacute;s et enregistr&eacute;s dans la m&eacute;moire de l&rsquo;appareil que vous utilisez pour consulter des pages web. Les t&eacute;moins utilis&eacute;s par &Eacute;lections Montr&eacute;al ne permettent pas de collecter des renseignements personnels &agrave; votre sujet.<\/p>\n<p>La plupart des fureteurs utilis&eacute;s pour acc&eacute;der &agrave; Internet acceptent par d&eacute;faut les t&eacute;moins. Vous pouvez &agrave; tout moment modifier les param&egrave;tres de confidentialit&eacute; de votre navigateur afin qu&rsquo;il bloque les t&eacute;moins ou efface ceux qui sont d&eacute;j&agrave; enregistr&eacute;s. Cette action ne vous emp&ecirc;chera pas d&rsquo;acc&eacute;der aux plateformes, mais pourrait avoir une incidence sur la performance de celles-ci durant votre visite.<\/p>\n<h2>Liste &eacute;lectorale<\/h2>\n<p>Le site &Eacute;lections Montr&eacute;al contient des informations relatives &agrave; l&rsquo;inscription des &eacute;lectrices-&eacute;lecteurs sur la <span class=\"glossaryLink\"  aria-describedby=\"tt\"  data-cmtooltip=\"&lt;div class=glossaryItemTitle&gt;Liste &eacute;lectorale&lt;\/div&gt;&lt;div class=glossaryItemBody&gt;&amp;lt;!-- wp:paragraph --&amp;gt;Liste qui comprend les noms des &eacute;lecteur(-trice)s admissibles &agrave; voter.&amp;lt;br\/&amp;gt;&amp;lt;!-- \/wp:paragraph --&amp;gt;&lt;\/div&gt;\"  data-gt-translate-attributes='[{\"attribute\":\"data-cmtooltip\", \"format\":\"html\"}]' tabindex='0' role='link'>liste &eacute;lectorale<\/span>. Les meilleures pratiques en mati&egrave;re de s&eacute;curit&eacute; sont employ&eacute;es afin de pr&eacute;server la confidentialit&eacute; de ces informations.<\/p>\n\n\t<\/div>\n            <\/div>\n        <\/div>\n    <\/div>\n<\/section><\/div><\/div>\n","protected":false},"excerpt":{"rendered":"","protected":false},"author":23,"featured_media":0,"parent":0,"menu_order":0,"comment_status":"closed","ping_status":"closed","template":"","meta":{"_acf_changed":false,"_relevanssi_hide_post":"","_relevanssi_hide_content":"","_relevanssi_pin_for_all":"","_relevanssi_pin_keywords":"","_relevanssi_unpin_keywords":"","_relevanssi_related_keywords":"","_relevanssi_related_include_ids":"","_relevanssi_related_exclude_ids":"","_relevanssi_related_no_append":"","_relevanssi_related_not_related":"","_relevanssi_related_posts":"2948,2931","_relevanssi_noindex_reason":"","inline_featured_image":false,"footnotes":""},"class_list":["post-1350","page","type-page","status-publish","hentry"],"acf":[],"yoast_head":"<!-- This site is optimized with the Yoast SEO plugin v27.4 - https:\/\/yoast.com\/product\/yoast-seo-wordpress\/ -->\n<title>Politique de confidentialit\u00e9 - \u00c9lections Montr\u00e9al<\/title>\n<meta name=\"robots\" content=\"index, follow, max-snippet:-1, max-image-preview:large, max-video-preview:-1\" \/>\n<link rel=\"canonical\" href=\"https:\/\/elections.montreal.ca\/fr\/politique-de-confidentialite\/\" \/>\n<meta property=\"og:locale\" content=\"fr_FR\" \/>\n<meta property=\"og:type\" content=\"article\" \/>\n<meta property=\"og:title\" content=\"Politique de confidentialit\u00e9 - \u00c9lections Montr\u00e9al\" \/>\n<meta property=\"og:url\" content=\"https:\/\/elections.montreal.ca\/fr\/politique-de-confidentialite\/\" \/>\n<meta property=\"og:site_name\" content=\"\u00c9lections Montr\u00e9al\" \/>\n<meta property=\"article:publisher\" content=\"https:\/\/www.facebook.com\/electionMTL\" \/>\n<meta property=\"article:modified_time\" content=\"2024-01-30T17:56:10+00:00\" \/>\n<meta name=\"twitter:card\" content=\"summary_large_image\" \/>\n<meta name=\"twitter:site\" content=\"@election_MTL\" \/>\n<script type=\"application\/ld+json\" class=\"yoast-schema-graph\">{\"@context\":\"https:\\\/\\\/schema.org\",\"@graph\":[{\"@type\":\"WebPage\",\"@id\":\"https:\\\/\\\/elections.montreal.ca\\\/fr\\\/politique-de-confidentialite\\\/\",\"url\":\"https:\\\/\\\/elections.montreal.ca\\\/fr\\\/politique-de-confidentialite\\\/\",\"name\":\"Politique de confidentialit\u00e9 - \u00c9lections Montr\u00e9al\",\"isPartOf\":{\"@id\":\"https:\\\/\\\/elections.montreal.ca\\\/fr\\\/#website\"},\"datePublished\":\"2021-03-16T13:10:33+00:00\",\"dateModified\":\"2024-01-30T17:56:10+00:00\",\"breadcrumb\":{\"@id\":\"https:\\\/\\\/elections.montreal.ca\\\/fr\\\/politique-de-confidentialite\\\/#breadcrumb\"},\"inLanguage\":\"fr-FR\",\"potentialAction\":[{\"@type\":\"ReadAction\",\"target\":[\"https:\\\/\\\/elections.montreal.ca\\\/fr\\\/politique-de-confidentialite\\\/\"]}]},{\"@type\":\"BreadcrumbList\",\"@id\":\"https:\\\/\\\/elections.montreal.ca\\\/fr\\\/politique-de-confidentialite\\\/#breadcrumb\",\"itemListElement\":[{\"@type\":\"ListItem\",\"position\":1,\"name\":\"Accueil\",\"item\":\"https:\\\/\\\/elections.montreal.ca\\\/fr\\\/\"},{\"@type\":\"ListItem\",\"position\":2,\"name\":\"Politique de confidentialit\u00e9\"}]},{\"@type\":\"WebSite\",\"@id\":\"https:\\\/\\\/elections.montreal.ca\\\/fr\\\/#website\",\"url\":\"https:\\\/\\\/elections.montreal.ca\\\/fr\\\/\",\"name\":\"\u00c9lections Montr\u00e9al\",\"description\":\"Un site utilisant WordPress\",\"potentialAction\":[{\"@type\":\"SearchAction\",\"target\":{\"@type\":\"EntryPoint\",\"urlTemplate\":\"https:\\\/\\\/elections.montreal.ca\\\/fr\\\/?s={search_term_string}\"},\"query-input\":{\"@type\":\"PropertyValueSpecification\",\"valueRequired\":true,\"valueName\":\"search_term_string\"}}],\"inLanguage\":\"fr-FR\"}]}<\/script>\n<!-- \/ Yoast SEO plugin. -->","yoast_head_json":{"title":"Politique de confidentialit\u00e9 - \u00c9lections Montr\u00e9al","robots":{"index":"index","follow":"follow","max-snippet":"max-snippet:-1","max-image-preview":"max-image-preview:large","max-video-preview":"max-video-preview:-1"},"canonical":"https:\/\/elections.montreal.ca\/fr\/politique-de-confidentialite\/","og_locale":"fr_FR","og_type":"article","og_title":"Politique de confidentialit\u00e9 - \u00c9lections Montr\u00e9al","og_url":"https:\/\/elections.montreal.ca\/fr\/politique-de-confidentialite\/","og_site_name":"\u00c9lections Montr\u00e9al","article_publisher":"https:\/\/www.facebook.com\/electionMTL","article_modified_time":"2024-01-30T17:56:10+00:00","twitter_card":"summary_large_image","twitter_site":"@election_MTL","schema":{"@context":"https:\/\/schema.org","@graph":[{"@type":"WebPage","@id":"https:\/\/elections.montreal.ca\/fr\/politique-de-confidentialite\/","url":"https:\/\/elections.montreal.ca\/fr\/politique-de-confidentialite\/","name":"Politique de confidentialit\u00e9 - \u00c9lections Montr\u00e9al","isPartOf":{"@id":"https:\/\/elections.montreal.ca\/fr\/#website"},"datePublished":"2021-03-16T13:10:33+00:00","dateModified":"2024-01-30T17:56:10+00:00","breadcrumb":{"@id":"https:\/\/elections.montreal.ca\/fr\/politique-de-confidentialite\/#breadcrumb"},"inLanguage":"fr-FR","potentialAction":[{"@type":"ReadAction","target":["https:\/\/elections.montreal.ca\/fr\/politique-de-confidentialite\/"]}]},{"@type":"BreadcrumbList","@id":"https:\/\/elections.montreal.ca\/fr\/politique-de-confidentialite\/#breadcrumb","itemListElement":[{"@type":"ListItem","position":1,"name":"Accueil","item":"https:\/\/elections.montreal.ca\/fr\/"},{"@type":"ListItem","position":2,"name":"Politique de confidentialit\u00e9"}]},{"@type":"WebSite","@id":"https:\/\/elections.montreal.ca\/fr\/#website","url":"https:\/\/elections.montreal.ca\/fr\/","name":"\u00c9lections Montr\u00e9al","description":"Un site utilisant WordPress","potentialAction":[{"@type":"SearchAction","target":{"@type":"EntryPoint","urlTemplate":"https:\/\/elections.montreal.ca\/fr\/?s={search_term_string}"},"query-input":{"@type":"PropertyValueSpecification","valueRequired":true,"valueName":"search_term_string"}}],"inLanguage":"fr-FR"}]}},"_links":{"self":[{"href":"https:\/\/elections.montreal.ca\/fr\/wp-json\/wp\/v2\/pages\/1350","targetHints":{"allow":["GET"]}}],"collection":[{"href":"https:\/\/elections.montreal.ca\/fr\/wp-json\/wp\/v2\/pages"}],"about":[{"href":"https:\/\/elections.montreal.ca\/fr\/wp-json\/wp\/v2\/types\/page"}],"author":[{"embeddable":true,"href":"https:\/\/elections.montreal.ca\/fr\/wp-json\/wp\/v2\/users\/23"}],"replies":[{"embeddable":true,"href":"https:\/\/elections.montreal.ca\/fr\/wp-json\/wp\/v2\/comments?post=1350"}],"version-history":[{"count":0,"href":"https:\/\/elections.montreal.ca\/fr\/wp-json\/wp\/v2\/pages\/1350\/revisions"}],"wp:attachment":[{"href":"https:\/\/elections.montreal.ca\/fr\/wp-json\/wp\/v2\/media?parent=1350"}],"curies":[{"name":"wp","href":"https:\/\/api.w.org\/{rel}","templated":true}]}}