{"id":11973,"date":"2023-12-14T15:10:26","date_gmt":"2023-12-14T20:10:26","guid":{"rendered":"https:\/\/elections.montreal.ca\/?page_id=11973"},"modified":"2025-06-10T09:53:36","modified_gmt":"2025-06-10T14:53:36","slug":"medias","status":"publish","type":"page","link":"https:\/\/elections.montreal.ca\/fr\/medias\/","title":{"rendered":"M\u00e9dias"},"content":{"rendered":"<div class=\"col-text-lr block\">\n    \n        <div class=\"col-content-inner container\">\n            <div class=\"row align-items-center \">\n                <div class=\"col-md-6\">\n                    <div class=\"col-blue\">\n                                                    <h3>Nouvelles<\/h3>\n                                                <div class=\"pn-wysiwyg\">\n\t\t<p><img loading=\"lazy\" decoding=\"async\" class=\"alignnone wp-image-11990\" src=\"https:\/\/elections.montreal.ca\/wp-content\/uploads\/2023\/12\/news-2.png\" alt=\"\" width=\"100\" height=\"100\" srcset=\"https:\/\/elections.montreal.ca\/wp-content\/uploads\/2023\/12\/news-2.png 300w, https:\/\/elections.montreal.ca\/wp-content\/uploads\/2023\/12\/news-2-150x150.png 150w\" sizes=\"auto, (max-width: 100px) 100vw, 100px\"\/><\/p>\n<p>Pour consulter les <span style=\"text-decoration: underline;\">actualit&eacute;s<\/span> <strong><a href=\"https:\/\/elections.montreal.ca\/fr\/nouvelles\/\">cliquer ici<\/a><\/strong>.<\/p>\n<p>Pour consulter les <span style=\"text-decoration: underline;\">communiqu&eacute;s de presse<\/span>, <a href=\"https:\/\/elections.montreal.ca\/fr\/nouvelles\/\"><strong>cliquer ici<\/strong><\/a> et choisir <em>Communiqu&eacute;s de presse<\/em> dans le filtre d&eacute;roulant.<\/p>\n<p>&nbsp;<\/p>\n<p>&nbsp;<\/p>\n<p>&nbsp;<\/p>\n<p>&nbsp;<\/p>\n\n\t<\/div>\n\n                    <\/div>\n                <\/div> \n                <div class=\"col-md-6\">\n                    <div class=\"col-infos\">\n                                                    <h3>Demandes m&eacute;dias<\/h3>\n                                                <div class=\"pn-wysiwyg\">\n\t\t<p><img loading=\"lazy\" decoding=\"async\" class=\"alignnone wp-image-11977\" src=\"https:\/\/elections.montreal.ca\/wp-content\/uploads\/2023\/12\/contact-us-150x150.png\" alt=\"\" width=\"100\" height=\"100\" srcset=\"https:\/\/elections.montreal.ca\/wp-content\/uploads\/2023\/12\/contact-us-150x150.png 150w, https:\/\/elections.montreal.ca\/wp-content\/uploads\/2023\/12\/contact-us.png 300w\" sizes=\"auto, (max-width: 100px) 100vw, 100px\"\/><\/p>\n<p>Contactez-nous &agrave; <strong><a href=\"mailto:elections.medias@montreal.ca\" target=\"_blank\" rel=\"noopener\">elections.medias@montreal.ca<\/a><\/strong><\/p>\n<p>&nbsp;<\/p>\n<p>&nbsp;<\/p>\n<p>&nbsp;<\/p>\n<p>&nbsp;<\/p>\n<p>&nbsp;<\/p>\n\n\t<\/div>\n                    <\/div>\n                <\/div>\n            <\/div>\n        <\/div>\n    \n<\/div>","protected":false},"excerpt":{"rendered":"","protected":false},"author":23,"featured_media":0,"parent":0,"menu_order":0,"comment_status":"closed","ping_status":"closed","template":"","meta":{"_acf_changed":false,"_relevanssi_hide_post":"","_relevanssi_hide_content":"","_relevanssi_pin_for_all":"","_relevanssi_pin_keywords":"","_relevanssi_unpin_keywords":"","_relevanssi_related_keywords":"","_relevanssi_related_include_ids":"","_relevanssi_related_exclude_ids":"","_relevanssi_related_no_append":"","_relevanssi_related_not_related":"","_relevanssi_related_posts":"7641,8485,8548,8593,8623,8643","_relevanssi_noindex_reason":"","inline_featured_image":false,"footnotes":""},"class_list":["post-11973","page","type-page","status-publish","hentry"],"acf":[],"yoast_head":"<!-- This site is optimized with the Yoast SEO plugin v27.3 - https:\/\/yoast.com\/product\/yoast-seo-wordpress\/ -->\n<title>M\u00e9dias - \u00c9lections Montr\u00e9al<\/title>\n<meta name=\"robots\" content=\"index, follow, max-snippet:-1, max-image-preview:large, max-video-preview:-1\" \/>\n<link rel=\"canonical\" href=\"https:\/\/elections.montreal.ca\/fr\/medias\/\" \/>\n<meta property=\"og:locale\" content=\"fr_FR\" \/>\n<meta property=\"og:type\" content=\"article\" \/>\n<meta property=\"og:title\" content=\"M\u00e9dias - \u00c9lections Montr\u00e9al\" \/>\n<meta property=\"og:url\" content=\"https:\/\/elections.montreal.ca\/fr\/medias\/\" \/>\n<meta property=\"og:site_name\" content=\"\u00c9lections Montr\u00e9al\" \/>\n<meta property=\"article:publisher\" content=\"https:\/\/www.facebook.com\/electionMTL\" \/>\n<meta property=\"article:modified_time\" content=\"2025-06-10T14:53:36+00:00\" \/>\n<meta name=\"twitter:card\" content=\"summary_large_image\" \/>\n<meta name=\"twitter:site\" content=\"@election_MTL\" \/>\n<script type=\"application\/ld+json\" class=\"yoast-schema-graph\">{\"@context\":\"https:\\\/\\\/schema.org\",\"@graph\":[{\"@type\":\"WebPage\",\"@id\":\"https:\\\/\\\/elections.montreal.ca\\\/fr\\\/medias\\\/\",\"url\":\"https:\\\/\\\/elections.montreal.ca\\\/fr\\\/medias\\\/\",\"name\":\"M\u00e9dias - \u00c9lections Montr\u00e9al\",\"isPartOf\":{\"@id\":\"https:\\\/\\\/elections.montreal.ca\\\/fr\\\/#website\"},\"datePublished\":\"2023-12-14T20:10:26+00:00\",\"dateModified\":\"2025-06-10T14:53:36+00:00\",\"breadcrumb\":{\"@id\":\"https:\\\/\\\/elections.montreal.ca\\\/fr\\\/medias\\\/#breadcrumb\"},\"inLanguage\":\"fr-FR\",\"potentialAction\":[{\"@type\":\"ReadAction\",\"target\":[\"https:\\\/\\\/elections.montreal.ca\\\/fr\\\/medias\\\/\"]}]},{\"@type\":\"BreadcrumbList\",\"@id\":\"https:\\\/\\\/elections.montreal.ca\\\/fr\\\/medias\\\/#breadcrumb\",\"itemListElement\":[{\"@type\":\"ListItem\",\"position\":1,\"name\":\"Accueil\",\"item\":\"https:\\\/\\\/elections.montreal.ca\\\/fr\\\/\"},{\"@type\":\"ListItem\",\"position\":2,\"name\":\"M\u00e9dias\"}]},{\"@type\":\"WebSite\",\"@id\":\"https:\\\/\\\/elections.montreal.ca\\\/fr\\\/#website\",\"url\":\"https:\\\/\\\/elections.montreal.ca\\\/fr\\\/\",\"name\":\"\u00c9lections Montr\u00e9al\",\"description\":\"Un site utilisant WordPress\",\"potentialAction\":[{\"@type\":\"SearchAction\",\"target\":{\"@type\":\"EntryPoint\",\"urlTemplate\":\"https:\\\/\\\/elections.montreal.ca\\\/fr\\\/?s={search_term_string}\"},\"query-input\":{\"@type\":\"PropertyValueSpecification\",\"valueRequired\":true,\"valueName\":\"search_term_string\"}}],\"inLanguage\":\"fr-FR\"}]}<\/script>\n<!-- \/ Yoast SEO plugin. -->","yoast_head_json":{"title":"M\u00e9dias - \u00c9lections Montr\u00e9al","robots":{"index":"index","follow":"follow","max-snippet":"max-snippet:-1","max-image-preview":"max-image-preview:large","max-video-preview":"max-video-preview:-1"},"canonical":"https:\/\/elections.montreal.ca\/fr\/medias\/","og_locale":"fr_FR","og_type":"article","og_title":"M\u00e9dias - \u00c9lections Montr\u00e9al","og_url":"https:\/\/elections.montreal.ca\/fr\/medias\/","og_site_name":"\u00c9lections Montr\u00e9al","article_publisher":"https:\/\/www.facebook.com\/electionMTL","article_modified_time":"2025-06-10T14:53:36+00:00","twitter_card":"summary_large_image","twitter_site":"@election_MTL","schema":{"@context":"https:\/\/schema.org","@graph":[{"@type":"WebPage","@id":"https:\/\/elections.montreal.ca\/fr\/medias\/","url":"https:\/\/elections.montreal.ca\/fr\/medias\/","name":"M\u00e9dias - \u00c9lections Montr\u00e9al","isPartOf":{"@id":"https:\/\/elections.montreal.ca\/fr\/#website"},"datePublished":"2023-12-14T20:10:26+00:00","dateModified":"2025-06-10T14:53:36+00:00","breadcrumb":{"@id":"https:\/\/elections.montreal.ca\/fr\/medias\/#breadcrumb"},"inLanguage":"fr-FR","potentialAction":[{"@type":"ReadAction","target":["https:\/\/elections.montreal.ca\/fr\/medias\/"]}]},{"@type":"BreadcrumbList","@id":"https:\/\/elections.montreal.ca\/fr\/medias\/#breadcrumb","itemListElement":[{"@type":"ListItem","position":1,"name":"Accueil","item":"https:\/\/elections.montreal.ca\/fr\/"},{"@type":"ListItem","position":2,"name":"M\u00e9dias"}]},{"@type":"WebSite","@id":"https:\/\/elections.montreal.ca\/fr\/#website","url":"https:\/\/elections.montreal.ca\/fr\/","name":"\u00c9lections Montr\u00e9al","description":"Un site utilisant WordPress","potentialAction":[{"@type":"SearchAction","target":{"@type":"EntryPoint","urlTemplate":"https:\/\/elections.montreal.ca\/fr\/?s={search_term_string}"},"query-input":{"@type":"PropertyValueSpecification","valueRequired":true,"valueName":"search_term_string"}}],"inLanguage":"fr-FR"}]}},"_links":{"self":[{"href":"https:\/\/elections.montreal.ca\/fr\/wp-json\/wp\/v2\/pages\/11973","targetHints":{"allow":["GET"]}}],"collection":[{"href":"https:\/\/elections.montreal.ca\/fr\/wp-json\/wp\/v2\/pages"}],"about":[{"href":"https:\/\/elections.montreal.ca\/fr\/wp-json\/wp\/v2\/types\/page"}],"author":[{"embeddable":true,"href":"https:\/\/elections.montreal.ca\/fr\/wp-json\/wp\/v2\/users\/23"}],"replies":[{"embeddable":true,"href":"https:\/\/elections.montreal.ca\/fr\/wp-json\/wp\/v2\/comments?post=11973"}],"version-history":[{"count":2,"href":"https:\/\/elections.montreal.ca\/fr\/wp-json\/wp\/v2\/pages\/11973\/revisions"}],"predecessor-version":[{"id":14361,"href":"https:\/\/elections.montreal.ca\/fr\/wp-json\/wp\/v2\/pages\/11973\/revisions\/14361"}],"wp:attachment":[{"href":"https:\/\/elections.montreal.ca\/fr\/wp-json\/wp\/v2\/media?parent=11973"}],"curies":[{"name":"wp","href":"https:\/\/api.w.org\/{rel}","templated":true}]}}